{"id":35,"date":"2015-06-01T17:12:27","date_gmt":"2015-06-01T20:12:27","guid":{"rendered":"http:\/\/www.sergionistico.eng.br\/?page_id=35"},"modified":"2020-11-13T14:04:27","modified_gmt":"2020-11-13T17:04:27","slug":"obras-condominiais-e-loteamentos","status":"publish","type":"page","link":"https:\/\/www.sergionistico.eng.br\/?page_id=35","title":{"rendered":"Obras Condominiais e Loteamentos"},"content":{"rendered":"<h3><strong>2020<\/strong><\/h3>\n<p><strong>\u00a0<\/strong><\/p>\n<p><strong>ACOMPANAHMENTO DE REFORMA EM APARTAMENTO<\/strong><\/p>\n<p>Emiss\u00e3o de ART e acompanhamento de reforma no Ed. Dijon.<\/p>\n<p>Rua Loureiro da Cruz, 144 \u2013 Apto. 23 \u2013 Aclima\u00e7\u00e3o &#8211; S\u00e3o Paulo \u2013 SP<\/p>\n<p>&nbsp;<\/p>\n<p><strong>BRINQUEDOTECA \u2013 ED JA\u00da<\/strong><\/p>\n<p>Projeto e or\u00e7amento para adapta\u00e7\u00e3o do apartamento do zelador.<\/p>\n<p>Brinquedoteca para as crian\u00e7as do condom\u00ednio.<\/p>\n<p>Al Ja\u00fa, 585 \u2013 Itaim Bibi &#8211; S\u00e3o Paulo \u2013 SP<\/p>\n<p>&nbsp;<\/p>\n<p><strong>VISTORIA E ACOMPANHAMENTO DE REFORMA \u2013 ED SIGNUS<\/strong><\/p>\n<p>Emiss\u00e3o de relat\u00f3rio t\u00e9cnico fotogr\u00e1fico e acompanhamento de execu\u00e7\u00e3o de reparos nas estruturas de concreto armado das garagens do edif\u00edcio.<\/p>\n<p>Pra\u00e7a Santa Teresinha, 229 \u2013 Vila Azevedo &#8211; Tatuap\u00e9 &#8211; S\u00e3o Paulo \u2013 SP<strong>\u00a0<\/strong><\/p>\n<p>&nbsp;<\/p>\n<h3><strong>2019<\/strong><\/h3>\n<p>&nbsp;<\/p>\n<p><strong>VISTORIA DA REFORMA DE APTO ED JAU<\/strong><\/p>\n<p>Vistoria e relat\u00f3rio t\u00e9cnico fotogr\u00e1fico.<\/p>\n<p>Al Jau, 585 \u2013 Apto. 62 \u2013 Itaim Bibi &#8211; S\u00e3o Paulo \u2013 SP<\/p>\n<p>&nbsp;<\/p>\n<p><strong>SISTEMA FOTOVOLT\u00c1ICO \u2013 JD DE MONACO<\/strong><\/p>\n<p>Pesquisa, projeto e or\u00e7amento.<\/p>\n<p>Condom\u00ednio Jardim de M\u00f4naco \u2013 Hortol\u00e2ndia \u2013 SP<\/p>\n<p>&nbsp;<\/p>\n<p><strong>SISTEMA FOTOVOLT\u00c1ICO E GERADOR \u2013 ED ACLIMA\u00c7\u00c3O PARK<\/strong><\/p>\n<p>Pesquisa, projeto e or\u00e7amento.<\/p>\n<p>Rua Ant\u00f4nio Tavares, 300 \u2013 Aclima\u00e7\u00e3o &#8211; S\u00e3o Paulo \u2013 SP<\/p>\n<p>&nbsp;<\/p>\n<h3><strong>2018<\/strong><\/h3>\n<p>&nbsp;<\/p>\n<p><strong>LOTEAMENTO EM BOTUCATU \u2013 ESTUDO DE CASAS<\/strong><\/p>\n<p>Projeto e or\u00e7amento de casas para constru\u00e7\u00e3o no loteamento.<\/p>\n<p>Loteamento Reserva Central Parque \u2013 Botucatu &#8211; SP<\/p>\n<p>&nbsp;<\/p>\n<h3><strong>2015<\/strong><\/h3>\n<p><strong>\u00a0<\/strong><\/p>\n<p><strong>CONJUNTO HABITACIONAL CDHU OSASCO &#8220;I&#8221; <\/strong><\/p>\n<p>Complementa\u00e7\u00e3o da \u00e1rea t\u00e9rrea do conjunto habitacional.<\/p>\n<p>Rua Jos\u00e9 Aureliano da Cunha, 185 &#8211; Vila dos Rem\u00e9dios \u2013 S\u00e3o Paulo \u2013 SP<\/p>\n<p>&nbsp;<\/p>\n<p><strong>CONJUNTO HABITACIONAL CDHU TUCURUVI B &#8211; \u00c1REA VERDE 3 <\/strong><\/p>\n<p>Execu\u00e7\u00e3o de pra\u00e7a com \u00e1rea de aproximadamente 4.000 m\u00b2.<\/p>\n<p>Rua Manoel Lisboa de Moura, s\/n\u00ba &#8211; Tucuruvi \u2013 S\u00e3o Paulo \u2013 SP<\/p>\n<p>&nbsp;<\/p>\n<p><strong>CONJUNTO HABITACIONAL CDHU TUCURUVI B06\/B11\/B18 <\/strong><\/p>\n<p>Conclus\u00e3o da constru\u00e7\u00e3o de conjunto habitacional.<\/p>\n<p>Rua Manoel Lisboa de Moura, 119, Ja\u00e7an\u00e3 \u2013 S\u00e3o Paulo \u2013 SP<\/p>\n<p>&nbsp;<\/p>\n<p><strong>CONJUNTO HABITACIONAL CDHU OSASCO &#8220;O&#8221; \u00a0<\/strong><\/p>\n<p>Execu\u00e7\u00e3o de muro de arrimo e obras complementares no estacionamento do conjunto.<\/p>\n<p>Rua Maria de Lurdes Galv\u00e3o de Fran\u00e7a, 640 &#8211; Jd. Turibio\u00a0 \u2013 S\u00e3o Paulo \u2013 SP<\/p>\n<p>&nbsp;<\/p>\n<p><strong>CONJUNTO HABITACIONAL CDHU TUCURUVI B &#8211; \u00c1REA VERDE 7 \u00a0<\/strong><\/p>\n<p>Execu\u00e7\u00e3o de pra\u00e7a.<\/p>\n<p>Rua Ant\u00f4nio Sergio de Matos, s\/n\u00ba \u2013 Conjunto Habitacional Jova Rural<\/p>\n<p>&nbsp;<\/p>\n<p><strong>CONJUNTO HABITACIONAL CDHU FRANCO DA ROCHA &#8220;G01\/G02\/G03&#8221; \u00a0<\/strong><\/p>\n<p>Obras no sistema de capta\u00e7\u00e3o de esgotos \u2013 Execu\u00e7\u00e3o de novas tampas nas caixas de passagem.<\/p>\n<p>Estrada Municipal do Tabo\u00e3o n\u00ba 569,769 e 979 resp. &#8211; Ch\u00e1caras Bom Tempo &#8211; S\u00e3o Paulo \u2013 SP<\/p>\n<p>&nbsp;<\/p>\n<p><strong>CONJUNTO HABITACIONAL CDHU FRANCO DA ROCHA &#8220;H01\/H02\/H03&#8221; \u00a0<\/strong><\/p>\n<p>Execu\u00e7\u00e3o de novas tampas nas caixas de passagem e impermeabiliza\u00e7\u00f5es.<\/p>\n<p>Estrada Municipal do Tabo\u00e3o n\u00ba 569,769 e 979 resp. &#8211; Ch\u00e1caras Bom Tempo &#8211; S\u00e3o Paulo &#8211; SP<\/p>\n<p>&nbsp;<\/p>\n<p><strong>CONJUNTO HABITACIONAL CDHU BRASIL\u00c2NDIA B30 \u00a0<\/strong><\/p>\n<p>Execu\u00e7\u00e3o de quadra esportiva e cabeamento para telefonia.<\/p>\n<p>Rua Dourada, 05 &#8211; Vila Brasil\u00e2ndia &#8211; S\u00e3o Paulo \u2013 SP<\/p>\n<p>&nbsp;<\/p>\n<p><strong>CONJUNTO HABITACIONAL CDHU CAIEIRAS &#8220;A&#8221; \u00a0<\/strong><\/p>\n<p>Instala\u00e7\u00e3o de nova rede de distribui\u00e7\u00e3o de g\u00e1s em 730 apartamentos.<\/p>\n<p>Av. Pref. Eng. Gino Dartora, 1209 &#8211; Nova Era \u2013 S\u00e3o Paulo &#8211; SP<\/p>\n<p><strong>\u00a0<\/strong><strong>\u00a0<\/strong><\/p>\n<h3><strong>2007<\/strong><\/h3>\n<h2><\/h2>\n<h2>CONDOM\u00cdNIO EDIF\u00cdCIO PARIOLLI<\/h2>\n<p>Execu\u00e7\u00e3o de recupera\u00e7\u00e3o estrutural em laje de terra\u00e7o.<\/p>\n<p>Av. Higien\u00f3polis, 604 &#8211;\u00a0 Higien\u00f3polis \u2013 S\u00e3o Paulo<\/p>\n<p><strong>\u00a0<\/strong><\/p>\n<h3><strong>2005<\/strong><\/h3>\n<p><strong>\u00a0<\/strong><\/p>\n<h2>CONDOM\u00cdNIO EDIF\u00cdCIO GREEN PARK<\/h2>\n<p>Estudo de viabilidade, coordena\u00e7\u00e3o de todos os projetos e constru\u00e7\u00e3o de edif\u00edcio residencial com\u00a0 8 apartamentos e \u00e1rea total constru\u00edda de 610,00 m\u00b2.<\/p>\n<p>Av. Lacerda Franco, 660 &#8211; Aclima\u00e7\u00e3o \u2013 S\u00e3o Paulo<\/p>\n<p>&nbsp;<\/p>\n<h3><strong>2004<\/strong><\/h3>\n<p><strong>\u00a0<\/strong><\/p>\n<h2>CONDOM\u00cdNIO EDIF\u00cdCIO PARIOLLI<\/h2>\n<p>Execu\u00e7\u00e3o de reforma desobstru\u00e7\u00e3o de tubula\u00e7\u00e3o de \u00e1guas pluviais.<\/p>\n<p>Av. Higien\u00f3polis, 604 &#8211;\u00a0 Higien\u00f3polis \u2013 S\u00e3o Paulo<\/p>\n<p>&nbsp;<\/p>\n<h3><strong>\u00a0<\/strong><strong>2000<\/strong><\/h3>\n<p><strong>\u00a0<\/strong><\/p>\n<p><strong>LOTEAMENTO RESIDENCIAL PORTO SEGURO \u2013 AVAR\u00c9 \u2013 SP<\/strong><\/p>\n<p>Pesquisa de \u00e1rea, estudo de viabilidade, defini\u00e7\u00e3o de projeto \u2013 Engenheiro respons\u00e1vel pelo projeto e execu\u00e7\u00e3o de loteamento residencial urbano com 272 lotes em \u00e1rea de 142.220,00 m\u00b2.<\/p>\n<p><strong>\u00a0<\/strong><\/p>\n<p><strong>CONDOMINIO PORTAL DO BRASKEL<\/strong><\/p>\n<p>Execu\u00e7\u00e3o de 2\u00ba subsolo e rampa para garagem e cobertura met\u00e1lica.<\/p>\n<p>Av. Guilherme Dumont Villares, 1401 \u2013 S\u00e3o Paulo \u2013 SP<\/p>\n<p><strong>\u00a0<\/strong><\/p>\n<h3><strong>1999<\/strong><\/h3>\n<p>&nbsp;<\/p>\n<p><strong>CONDOM\u00cdNIO EDIF\u00cdCIO SAGRES<\/strong><\/p>\n<p>Constru\u00e7\u00e3o de edif\u00edcio residencial com 33 apartamentos e \u00e1rea total constru\u00edda de \u00a03.800,00 m\u00b2.<\/p>\n<p>Av. Manuel da N\u00f3brega, 1439 \u2013 S\u00e3o Vicente \u2013 SP<\/p>\n<p>&nbsp;<\/p>\n<h3><strong>De\u00a01999 at\u00e9 2003<\/strong><\/h3>\n<p>&nbsp;<\/p>\n<p><strong>CONDOM\u00cdNIO EDIF\u00cdCIO ACLIMA\u00c7\u00c3O PARK<\/strong><\/p>\n<p>Rua Ant\u00f4nio Tavares, 300 \u2013 Aclima\u00e7\u00e3o \u2013 S\u00e3o Paulo \u2013 SP<\/p>\n<ul>\n<li>Quadra poli esportiva<\/li>\n<li>Sala de gin\u00e1stica<\/li>\n<li>Reforma das cabines dos elevadores<\/li>\n<li>Implanta\u00e7\u00e3o de sistema de seguran\u00e7a, com c\u00e2meras e sensores<\/li>\n<li>Sistema de aproveitamento da \u00e1gua do len\u00e7ol fre\u00e1tico para irriga\u00e7\u00e3o e lavagem do pr\u00e9dio<\/li>\n<li>Implanta\u00e7\u00e3o de sistema de interfonia digital<\/li>\n<li>Implanta\u00e7\u00e3o de antena coletiva com sinal de DVD e antena parab\u00f3lica<\/li>\n<li>Reforma da piscina, com instala\u00e7\u00e3o de cascata<\/li>\n<li>Implanta\u00e7\u00e3o de sal\u00e3o de Jogos<\/li>\n<li>Pintura geral do pr\u00e9dio, com estudo em fotos digitais do resultado final<\/li>\n<\/ul>\n<p>&nbsp;<\/p>\n<h3><strong>1995<\/strong><\/h3>\n<p>&nbsp;<\/p>\n<p><strong>RITMO EMP. IMOBILI\u00c1RIO<\/strong><\/p>\n<p>Prepara\u00e7\u00e3o de terreno, execu\u00e7\u00e3o de stand de vendas para o lan\u00e7amento de quatro pr\u00e9dios residenciais.<\/p>\n<p>Av. Nossa Senhora do Sabar\u00e1, 4567 \u2013 S\u00e3o Paulo \u2013 SP<\/p>\n<p>&nbsp;<\/p>\n","protected":false},"excerpt":{"rendered":"<p>2020 \u00a0 ACOMPANAHMENTO DE REFORMA EM APARTAMENTO Emiss\u00e3o de ART e acompanhamento de reforma no Ed. Dijon. Rua Loureiro da Cruz, 144 \u2013 Apto. 23 \u2013 Aclima\u00e7\u00e3o &#8211; S\u00e3o Paulo \u2013 SP &nbsp; BRINQUEDOTECA \u2013 ED JA\u00da Projeto e or\u00e7amento para adapta\u00e7\u00e3o do apartamento do zelador. Brinquedoteca para as crian\u00e7as do condom\u00ednio. Al Ja\u00fa, 585 [&hellip;]<\/p>\n","protected":false},"author":4,"featured_media":0,"parent":0,"menu_order":0,"comment_status":"closed","ping_status":"closed","template":"","meta":{"footnotes":""},"class_list":["post-35","page","type-page","status-publish","hentry"],"_links":{"self":[{"href":"https:\/\/www.sergionistico.eng.br\/index.php?rest_route=\/wp\/v2\/pages\/35"}],"collection":[{"href":"https:\/\/www.sergionistico.eng.br\/index.php?rest_route=\/wp\/v2\/pages"}],"about":[{"href":"https:\/\/www.sergionistico.eng.br\/index.php?rest_route=\/wp\/v2\/types\/page"}],"author":[{"embeddable":true,"href":"https:\/\/www.sergionistico.eng.br\/index.php?rest_route=\/wp\/v2\/users\/4"}],"replies":[{"embeddable":true,"href":"https:\/\/www.sergionistico.eng.br\/index.php?rest_route=%2Fwp%2Fv2%2Fcomments&post=35"}],"version-history":[{"count":6,"href":"https:\/\/www.sergionistico.eng.br\/index.php?rest_route=\/wp\/v2\/pages\/35\/revisions"}],"predecessor-version":[{"id":138,"href":"https:\/\/www.sergionistico.eng.br\/index.php?rest_route=\/wp\/v2\/pages\/35\/revisions\/138"}],"wp:attachment":[{"href":"https:\/\/www.sergionistico.eng.br\/index.php?rest_route=%2Fwp%2Fv2%2Fmedia&parent=35"}],"curies":[{"name":"wp","href":"https:\/\/api.w.org\/{rel}","templated":true}]}}