{"id":28,"date":"2015-06-01T16:56:33","date_gmt":"2015-06-01T19:56:33","guid":{"rendered":"http:\/\/www.sergionistico.eng.br\/?page_id=28"},"modified":"2020-11-13T14:13:01","modified_gmt":"2020-11-13T17:13:01","slug":"obras-residenciais","status":"publish","type":"page","link":"https:\/\/www.sergionistico.eng.br\/?page_id=28","title":{"rendered":"Obras Residenciais"},"content":{"rendered":"<h2><strong>OBRAS RESIDENCIAIS<\/strong><\/h2>\n<p>&nbsp;<\/p>\n<h3><strong>2020<\/strong><\/h3>\n<p><strong>\u00a0<\/strong><\/p>\n<p><strong>SOBRADO NO JARDIM DA GL\u00d3RIA<\/strong><\/p>\n<p>Projeto e execu\u00e7\u00e3o de reforma geral.<\/p>\n<p>Cel. Diogo, 945 &#8211; Jardim da Gloria &#8211; S\u00e3o Paulo \u2013 SP<\/p>\n<p>&nbsp;<\/p>\n<p><strong>APARTAMENTO DE ALTO PADR\u00c3O \u2013 SANTA CEC\u00cdLIA \u2013 II ETAPA<\/strong><\/p>\n<p>Elimina\u00e7\u00e3o de vazamentos e reforma de floreiras.<\/p>\n<p>Rua Dr. Veiga Filho, 815 \u2013 Apto. 91 \u2013 Cond. Guaratuba \u2013 Santa Cec\u00edlia &#8211; S\u00e3o Paulo \u2013 SP<\/p>\n<p><strong>\u00a0<\/strong><\/p>\n<p><strong>SOBRADO NO TATUAP\u00c9 <\/strong><\/p>\n<p>Projeto e execu\u00e7\u00e3o de reforma geral.<\/p>\n<p>Rua Bernardo Magalh\u00e3es, 172 \u2013 Tatuap\u00e9 &#8211; S\u00e3o Paulo \u2013 SP<\/p>\n<p>&nbsp;<\/p>\n<p><strong>SOBRADO DE ALTO PADR\u00c3O NO PACAEMBU<\/strong><\/p>\n<p>Projeto e execu\u00e7\u00e3o de reforma geral.<\/p>\n<p>Rua Bauru, 308 \u2013 Perdizes &#8211; S\u00e3o Paulo \u2013 SP<\/p>\n<p>&nbsp;<\/p>\n<h3><strong>2019<\/strong><\/h3>\n<p><strong>\u00a0<\/strong><\/p>\n<p><strong>APARTAMENTO DE ALTO PADR\u00c3O \u2013 SANTA CEC\u00cdLIA<\/strong><\/p>\n<p>Coloca\u00e7\u00e3o de pisos e pintura.<\/p>\n<p>Rua Dr. Veiga Filho, 815 \u2013 Apto. 91 \u2013 Cond. Guaratuba \u2013 Santa Cec\u00edlia &#8211; S\u00e3o Paulo \u2013 SP<\/p>\n<p>&nbsp;<\/p>\n<p><strong>APARTAMENTO \u2013 SANTA CEC\u00cdLIA<\/strong><\/p>\n<p>Laudo e reforma geral do banheiro.<\/p>\n<p>Rua Tupi, 404 \u2013 Apto. 43 \u2013 Santa Cec\u00edlia &#8211; S\u00e3o Paulo \u2013 SP<\/p>\n<p>&nbsp;<\/p>\n<h3><strong>2018<\/strong><\/h3>\n<p><strong>\u00a0<\/strong><\/p>\n<p><strong>RESID\u00caNCIA DE ALTO PADR\u00c3O \u2013 JARDIM FRAN\u00c7A<\/strong><\/p>\n<p>Reforma geral.<\/p>\n<p>Rua Arauc\u00e1ria, 296 \u2013 Jardim Fran\u00e7a &#8211; S\u00e3o Paulo \u2013 SP<\/p>\n<p>&nbsp;<\/p>\n<p><strong>APARTAMENTO NO MORUMBI -CONDOM\u00cdNIO VERDE MORUMBI<\/strong><\/p>\n<p>Investiga\u00e7\u00e3o de vazamento.<\/p>\n<p>Rua jo\u00e3o Sim\u00f5es de Souza, 391 \u2013 Torre Bio \u2013 Apto. 102<\/p>\n<p>&nbsp;<\/p>\n<p><strong>APARTAMENTO NA M\u00d3OCA \u2013 ED JD BERTIOGA<\/strong><\/p>\n<p>Projeto e reforma geral.<\/p>\n<p>Rua Fernando Falc\u00e3o, 903 \u2013 Apto. 61 \u2013 Alto da M\u00f3oca &#8211; S\u00e3o Paulo \u2013 SP<\/p>\n<p>&nbsp;<\/p>\n<p><strong>RELAT\u00d3RIO TECNICO FOTOGR\u00c1FICO \u2013 COND ED MARIA STUART<\/strong><\/p>\n<p>Vistoria e relat\u00f3rio t\u00e9cnico fotogr\u00e1fico.<\/p>\n<p>Rua Conselheiro Furtado, 1114 \u2013 Cambuci &#8211; S\u00e3o Paulo \u2013 SP<strong>\u00a0<\/strong><\/p>\n<p>&nbsp;<\/p>\n<h3><strong>2016<\/strong><\/h3>\n<p><strong>\u00a0<\/strong><\/p>\n<p><strong>APARTAMENTO NO TATUAP\u00c9 \u2013 ED S\u00c3O GIL<\/strong><\/p>\n<p>Reforma geral.<\/p>\n<p>Rua S\u00e3o Gil, 86 \u2013 Apto. 53 &#8211; Tatuap\u00e9 &#8211; S\u00e3o Paulo \u2013 SP<\/p>\n<p><strong>\u00a0<\/strong><\/p>\n<p><strong>APARTAMENTO NO PACAEMBU \u2013 ED EST\u00c1DIO<\/strong><\/p>\n<p>Reforma geral.<\/p>\n<p>Rua General Ol\u00edmpio da Silveira, 426 \u2013 Apto. 77 \u2013 Pacaembu \u2013 S\u00e3o Paulo \u2013 SP<\/p>\n<p>&nbsp;<\/p>\n<p><strong>APARTAMENTO NA RUA AUGUSTA<\/strong><\/p>\n<p>Reforma geral.<\/p>\n<p>Rua Augusta, 464 \u2013 Apto. 54 &#8211; S\u00e3o Paulo \u2013 SP<\/p>\n<p>&nbsp;<\/p>\n<p><strong>APARTAMENTO NA PRAIA GRANDE<\/strong><\/p>\n<p>Reforma geral.<\/p>\n<p>Rua Copacabana, 386 apto. 24 \u2013 Vila Guilhermina \u2013 Praia Grande \u2013 SP<\/p>\n<p>&nbsp;<\/p>\n<p><strong>APARTAMENTO NA M\u00d3OCA \u2013 ED JD BERTIOGA<\/strong><\/p>\n<p>Projeto e reforma geral.<\/p>\n<p>Rua Fernando Falc\u00e3o, 903 \u2013 Apto. 54 \u2013 Alto da Mo\u00f3ca &#8211; S\u00e3o Paulo \u2013 SP<\/p>\n<p>&nbsp;<\/p>\n<p><strong>SOBRADO EM SANTANA<\/strong><\/p>\n<p>Reforma geral.<\/p>\n<p>Rua Condessa Siciliano, 176 \u2013 Jardim S\u00e3o Paulo \u2013 SP<strong>\u00a0<\/strong><\/p>\n<p>&nbsp;<\/p>\n<h3><strong>2015<\/strong><\/h3>\n<p><strong>\u00a0<\/strong><\/p>\n<p><strong>RESID\u00caNCIA DE ALTO PADR\u00c3O \u2013 ALTO DE PINHEIROS<\/strong><\/p>\n<p>Projeto e execu\u00e7\u00e3o de reforma geral na resid\u00eancia.<\/p>\n<p>Rua Alberto de Faria, 105 \u2013 Alto de Pinheiros \u2013 S\u00e3o Paulo &#8211; SP<\/p>\n<p>&nbsp;<\/p>\n<h3><strong>2014<\/strong><\/h3>\n<p>&nbsp;<\/p>\n<p><strong>RESID\u00caNCIA DE ALTO PADR\u00c3O EM HORTOL\u00c2NDIA<\/strong><\/p>\n<p>Projeto e constru\u00e7\u00e3o de resid\u00eancia de alto padr\u00e3o com 251,00 m\u00b2 no\u00a0 Condom\u00ednio Jardim de M\u00f4naco \u2013 Hortol\u00e2ndia &#8211; S\u00e3o Paulo \u2013 SP<\/p>\n<p>&nbsp;<\/p>\n<h3><strong>2008<\/strong><\/h3>\n<p>&nbsp;<\/p>\n<p><strong>APARTAMENTO DE ALTO PADR\u00c3O &#8211; \u00a0ED. MONET <\/strong><\/p>\n<p>Execu\u00e7\u00e3o de servi\u00e7os ap\u00f3s entrega das chaves pela construtora.<\/p>\n<p>Pisos de porcelanato, pisos de madeira, tampos de granito, fechamento de vidro sacada, forros e molduras de gesso, marcenaria e pintura.<\/p>\n<p>Rua Dr. Jos\u00e9 Rodrigues Alves Sobrinho, 150 \u2013 Alto de Pinheiros \u2013 S\u00e3o Paulo \u2013 SP<\/p>\n<p>&nbsp;<\/p>\n<h3><strong>2007<\/strong><\/h3>\n<p>&nbsp;<\/p>\n<p><strong>RESID\u00caNCIA DE ALTO PADR\u00c3O &#8211;\u00a0 MORUMBI<\/strong><\/p>\n<p>Projeto e execu\u00e7\u00e3o de v\u00e1rios servi\u00e7os:-<\/p>\n<ul>\n<li>Cobertura com telhas Shingle.<\/li>\n<li>Reforma na sala superior \u2013 Forro, piso, ar condicionado marcenaria e pinturas art\u00edstica.<\/li>\n<li>Reforma geral em banheiros com instala\u00e7\u00e3o de pressurizadores e aquecedores.<\/li>\n<li>Reforma geral no jardim de inverno.<\/li>\n<\/ul>\n<p>Rua Luis Oliani \u00a0\u2013 S\u00e3o Paulo \u2013 SP<\/p>\n<p><strong>\u00a0<\/strong><\/p>\n<p><strong>RESID\u00caNCIA \u00a0&#8211; VILA ROMANA<\/strong><\/p>\n<p>Substitui\u00e7\u00e3o completa da cobertura \u2013 Madeiramento, telhas e calhas \u2013 150,00 m\u00b2<\/p>\n<p>Rua Camilo \u2013 S\u00e3o Paulo \u2013 SP<\/p>\n<p><strong>\u00a0<\/strong><\/p>\n<p><strong>APARTAMENTO \u00a0DE ALTO PADR\u00c3O \u2013 ED. DIANA<\/strong><\/p>\n<p>Reforma nos banheiros, pisos de madeira, pintura e marcenaria.<\/p>\n<p>Rua Maranh\u00e3o, 270 \u2013 \u00a0Higien\u00f3polis \u2013 S\u00e3o Paulo &#8211; SP<\/p>\n<p>&nbsp;<\/p>\n<p><strong>APARTAMENTO \u00a0DE ALTO PADR\u00c3O \u2013 ED. BLUE LOFT<\/strong><\/p>\n<p>Execu\u00e7\u00e3o de projeto e servi\u00e7os ap\u00f3s entrega das chaves pela construtora.<\/p>\n<p>Reformula\u00e7\u00f5es de alvenarias, reforma nos banheiros com instala\u00e7\u00e3o de banheira de hidro massagem, instala\u00e7\u00e3o de ar condicionado pintura e marcenaria.<\/p>\n<p>Rua Diogo Jacome, 954 \u2013 V. Nova Concei\u00e7\u00e3o \u2013 S\u00e3o Paulo &#8211; SP<\/p>\n<p>&nbsp;<\/p>\n<h3><strong>2006<\/strong><\/h3>\n<p>&nbsp;<\/p>\n<p><strong>RESID\u00caNCIA DE ALTO PADR\u00c3O\u00a0 &#8211;\u00a0 MORUMBI<\/strong><\/p>\n<p>Transforma\u00e7\u00e3o de casa totalmente deteriorada em uma das mais lindas mans\u00f5es na regi\u00e3o pr\u00f3xima ao Pal\u00e1cio do Governo de S\u00e3o Paulo.<\/p>\n<p>Rua Sargento Gilberto Marcondes Machado \u2013 S\u00e3o Paulo &#8211; SP<\/p>\n<p><strong>\u00a0<\/strong><\/p>\n<h3><strong>2005<\/strong><\/h3>\n<p>&nbsp;<\/p>\n<p><strong>RESID\u00caNCIA DE ALTO PADR\u00c3O\u00a0 &#8211;\u00a0 MORUMBI<\/strong><\/p>\n<p>Reforma geral em resid\u00eancia que serviu para grava\u00e7\u00e3o da primeira s\u00e9rie do Brasil Next Top Model.<\/p>\n<p>Rua Deputado Euvaldo Lodi \u2013 Morumbi \u2013 S\u00e3o Paulo &#8211; SP<\/p>\n<p><strong>\u00a0<\/strong><\/p>\n<p><strong>APARTAMENTO \u00a0DE ALTO PADR\u00c3O \u2013 ITAIM BIBI<\/strong><\/p>\n<p>Pesquisa de vazamentos e reforma completa de\u00a0 banheiros.<\/p>\n<p>Rua General Mena Barreto &#8211; \u00a0S\u00e3o Paulo \u2013 SP<\/p>\n<p><strong>\u00a0<\/strong><\/p>\n<p><strong>RESID\u00caNCIA DE ALTO PADR\u00c3O\u00a0 \u2013 GRANJA VIANA<\/strong><\/p>\n<p>Pintura e elimina\u00e7\u00e3o de umidades de paredes.<\/p>\n<p>Rua Argentina \u2013 Residencial\u00a0 INPLA &#8211; Cotia \u2013 SP<\/p>\n<p>&nbsp;<\/p>\n<h3><strong>2004<\/strong><\/h3>\n<p>&nbsp;<\/p>\n<p><strong>APARTAMENTO \u00a0DE ALTO PADR\u00c3O \u2013 CERQUEIRA C\u00c9SAR<\/strong><\/p>\n<p>Reforma completa de apartamento de alto padr\u00e3o \u2013 250,00 m\u00b2<\/p>\n<p>Rua Jos\u00e9 Maria Lisboa, 1162 &#8211; \u00a0S\u00e3o Paulo \u2013 Capital<\/p>\n<p>&nbsp;<\/p>\n<h3><strong>2003<\/strong><\/h3>\n<p>&nbsp;<\/p>\n<p><strong>APARTAMENTO \u00a0DE ALTO PADR\u00c3O \u2013 HIGIEN\u00d3POLIS<\/strong><\/p>\n<p>Projeto e execu\u00e7\u00e3o de reforma completa do apartamento.<\/p>\n<p>Rua Dr. Veiga Filho, 351 &#8211; S\u00e3o Paulo \u2013 SP<\/p>\n<p><strong>\u00a0<\/strong><\/p>\n<p><strong>APARTAMENTO \u00a0DE ALTO PADR\u00c3O \u2013 ED. LYON<\/strong><\/p>\n<p>Complementa\u00e7\u00e3o dos acabamentos do apartamento, rec\u00e9m entregue pela Construtora Tecnisa.<\/p>\n<p>Rua Apinag\u00e9s, 352 &#8211; Perdizes \u2013 S\u00e3o Paulo- SP -.<strong>\u00a0\u00a0\u00a0 \u00a0\u00a0\u00a0\u00a0\u00a0\u00a0\u00a0\u00a0\u00a0\u00a0\u00a0\u00a0\u00a0\u00a0\u00a0\u00a0\u00a0\u00a0\u00a0\u00a0\u00a0\u00a0\u00a0\u00a0\u00a0\u00a0\u00a0\u00a0\u00a0<\/strong><\/p>\n<p>&nbsp;<\/p>\n<p><strong>APARTAMENTO \u00a0DE ALTO PADR\u00c3O \u2013 COND. CH\u00c1CARA SANTA HELENA<\/strong><\/p>\n<p>Reforma\u00a0 geral de todos os ambientes com instala\u00e7\u00f5es novas de el\u00e9trica e hidr\u00e1ulica. Instala\u00e7\u00f5es de revestimentos e tampos de pedras naturais. Pintura geral e marcenaria.<\/p>\n<p>Edif\u00edcio Santa Maria &#8211; Ch\u00e1cara Flora\u00a0 &#8211; S\u00e3o Paulo \u2013 SP<\/p>\n<p>&nbsp;<\/p>\n<p><strong>CHAL\u00c9 NO CLUBE DE CAMPO S\u00c3O PAULO<\/strong><\/p>\n<p>Coordena\u00e7\u00e3o t\u00e9cnica e execu\u00e7\u00e3o de reforma incluindo el\u00e9trica, hidr\u00e1ulica, pisos e pintura.<\/p>\n<p>Represa Guarapiranga &#8211; S\u00e3o Paulo \u2013 SP<\/p>\n<p>&nbsp;<\/p>\n<p><strong>APARTAMENTO \u00a0DE ALTO PADR\u00c3O \u2013 HIGIEN\u00d3POLIS<\/strong><\/p>\n<p>Projeto e execu\u00e7\u00e3o de reforma completa com reformula\u00e7\u00f5es de alvenarias, troca de revestimentos, pisos, pintura al\u00e9m de el\u00e9trica, hidr\u00e1ulica e pintura do apartamento com 250 m\u00b2<\/p>\n<p>Av. Higien\u00f3polis, 765 &#8211; S\u00e3o Paulo \u2013 SP<\/p>\n<p>&nbsp;<\/p>\n<p><strong>APARTAMENTO \u00a0\u00a0\u2013 PINHEIROS<\/strong><\/p>\n<p>Reforma completa do apartamento \u2013 Hidr\u00e1ulica, el\u00e9trica revestimentos e pintura.<\/p>\n<p>Rua C\u00e1ssio da Costa Vidigal, 70 \u2013 S\u00e3o Paulo \u2013 SP<\/p>\n<p><strong>\u00a0<\/strong><\/p>\n<h3><strong>\u00a0<\/strong><strong>2002<\/strong><\/h3>\n<p>&nbsp;<\/p>\n<p><strong>\u00a0<\/strong><strong>RESID\u00caNCIA DE ALTO PADR\u00c3O \u2013 CAMPOS DO JORD\u00c3O<\/strong><\/p>\n<p>Reforma geral de resid\u00eancia e acr\u00e9scimo de \u00e1rea de laser com quadra de squash, quadra de t\u00eanis, spa, sala de gin\u00e1stica, e sauna \u2013 370,00 m\u00b2<\/p>\n<p>Travessa dos Embaubas &#8211;\u00a0 Campos do Jord\u00e3o \u2013 SP<\/p>\n<p>&nbsp;<\/p>\n<p><strong>APARTAMENTO \u00a0\u00a0\u2013 VILA ALPINA<\/strong><\/p>\n<p>Execu\u00e7\u00e3o de laudo de vazamento do apartamento.<\/p>\n<p>Rua Costa Barros, 2050 &#8211; Bloco 5 &#8211; Vila Alpina &#8211; S\u00e3o Paulo -SP.<\/p>\n<p>&nbsp;<\/p>\n<p><strong>APARTAMENTO \u00a0\u00a0\u2013 HIGIEN\u00d3POLIS<\/strong><\/p>\n<p>Reparo de vazamento no apartamento.<\/p>\n<p>Rua Albuquerque Lins &#8211; S\u00e3o Paulo &#8211; SP<\/p>\n<p>&nbsp;<\/p>\n<p><strong>RESID\u00caNCIA DE ALTO PADR\u00c3O \u2013 JARDIM GUEDALA<\/strong><\/p>\n<p>Coordena\u00e7\u00e3o de projetos e aprova\u00e7\u00f5es, responsabilidade t\u00e9cnica, gerenciamento e fiscaliza\u00e7\u00e3o de constru\u00e7\u00e3o de resid\u00eancia de alto padr\u00e3o \u2013 500,00 m\u00b2<\/p>\n<p>Av. Roberto Lorenz \u2013 S\u00e3o Paulo \u2013 SP<\/p>\n<p>&nbsp;<\/p>\n<p><strong>APARTAMENTO \u00a0DE ALTO PADR\u00c3O \u2013 HIGIEN\u00d3POLIS<\/strong><\/p>\n<p>Projeto e execu\u00e7\u00e3o de reforma completa com reformula\u00e7\u00f5es de alvenarias, troca de revestimentos, pisos, pintura al\u00e9m de el\u00e9trica, hidr\u00e1ulica e pintura do apartamento.<\/p>\n<p>Rua Dr. Gabriel dos Santos, 729 &#8211; Higien\u00f3polis &#8211; S\u00e3o Paulo &#8211; SP<\/p>\n<p>&nbsp;<\/p>\n<p><strong>RESID\u00caNCIA \u2013 BOSQUE DA SA\u00daDE <\/strong><\/p>\n<p>Reforma de sobrado.<\/p>\n<p>Rua Arar\u00e9 \u00a0&#8211; S\u00e3o Paulo \u2013 SP<\/p>\n<p>&nbsp;<\/p>\n<p><strong>APARTAMENTO \u00a0DE ALTO PADR\u00c3O \u2013 \u00a0BOM RETIRO<\/strong><\/p>\n<p>Projeto e execu\u00e7\u00e3o de reforma completa com reformula\u00e7\u00f5es de alvenarias, troca de revestimentos, pisos, pintura al\u00e9m de el\u00e9trica, hidr\u00e1ulica e pintura do apartamento.<\/p>\n<p>Rua Bandeirantes \u2013 Bom Retiro \u2013 S\u00e3o Paulo \u2013 SP<\/p>\n<p>&nbsp;<\/p>\n<p><strong>APARTAMENTO \u00a0DE ALTO PADR\u00c3O &#8211; PERDIZES<\/strong><\/p>\n<p>Projeto e execu\u00e7\u00e3o de reforma completa com reformula\u00e7\u00f5es de alvenarias, troca de revestimentos, pisos, pintura al\u00e9m de el\u00e9trica, hidr\u00e1ulica e pintura do apartamento.<\/p>\n<p>Rua Capital Federal, 550 &#8211; S\u00e3o Paulo &#8211; SP<\/p>\n<p>&nbsp;<\/p>\n<p><strong>RESID\u00caNCIA DE ALTO PADR\u00c3O \u00a0&#8211; ALTO DE PINHEIROS<\/strong><\/p>\n<p>Reforma geral de resid\u00eancia com 330,00 m\u00b2 &#8211; Com interven\u00e7\u00f5es em todos os ambientes fazendo reformula\u00e7\u00f5es das instala\u00e7\u00f5es el\u00e9trica, hidr\u00e1ulicas, revestimentos de pisos e paredes bem como amplia\u00e7\u00e3o da \u00e1rea de lazer, criando sauna, churrasqueira e sala de tv na \u00e1rea da piscina.<\/p>\n<p>Rua Boquim &#8211; S\u00e3o Paulo \u2013SP<\/p>\n<p>&nbsp;<\/p>\n<p><strong>APARTAMENTO \u00a0DE ALTO PADR\u00c3O \u00a0&#8211; JARDIM EUROPA<\/strong><\/p>\n<p>Reforma geral do apartamento de 160,00 m\u00b2 &#8211; El\u00e9trica, hidr\u00e1ulica, revestimentos e pintura.<\/p>\n<p>Rua Prof. Arthur Ramos, 311\u2013 S\u00e3o Paulo \u2013 SP<\/p>\n<p>&nbsp;<\/p>\n<h3><strong>2001<\/strong><\/h3>\n<p>&nbsp;<\/p>\n<p><strong>RESID\u00caNCIA DE ALTO PADR\u00c3O \u00a0&#8211; AEROPORTO<\/strong><\/p>\n<p>Projeto e execu\u00e7\u00e3o de reforma completa de sobrado com 250,00 m\u00b2 &#8211; El\u00e9trica, hidr\u00e1ulica, revestimentos de pisos e paredes, paisagismo e pintura.<\/p>\n<p>Rua Dr. Jos\u00e9 Candido de Souza \u2013 S\u00e3o Paulo &#8211; SP<\/p>\n<p>&nbsp;<\/p>\n<p><strong>APARTAMENTO \u00a0DE ALTO PADR\u00c3O <\/strong><strong>&#8211; HIGIEN\u00d3POLIS <\/strong><\/p>\n<p>Projeto e reforma do apartamento de 450,00 m\u00b2, com interven\u00e7\u00f5es nos dormit\u00f3rios, banheiros, cozinha e salas, executando reformula\u00e7\u00f5es de alvenarias, caixilhos, revestimentos de pisos e paredes, tampos de pedra natural, gesso e pintura.<\/p>\n<p>Rua Bar\u00e3o de Bocaina &#8211; Higien\u00f3polis &#8211; S\u00e3o Paulo \u2013 SP<\/p>\n<p>&nbsp;<\/p>\n<p><strong>RESID\u00caNCIA DE ALTO PADR\u00c3O\u00a0 &#8211; BUTANT\u00c3<\/strong><\/p>\n<p>Reforma de resid\u00eancia de alto padr\u00e3o \u00a0com 400,00 m\u00b2 &#8211; com interven\u00e7\u00f5es em cobertura, alvenarias, revestimentos de pisos e paredes, el\u00e9trica geral, hidr\u00e1ulica geral e pintura.<\/p>\n<p>Rua Prof. Guilherme Millward \u2013 S\u00e3o Paulo \u2013 SP<\/p>\n<p>&nbsp;<\/p>\n<h3><strong>2000<\/strong><\/h3>\n<p>&nbsp;<\/p>\n<p><strong>RESID\u00caNCIA EM AVAR\u00c9<\/strong><\/p>\n<p>Projeto e constru\u00e7\u00e3o de resid\u00eancia \u00a0com 110,00 m\u00b2<\/p>\n<p>Rua Jo\u00e3o Vicentini &#8211; Avar\u00e9 &#8211; SP<\/p>\n<p>&nbsp;<\/p>\n<p><strong>APARTAMENTO \u00a0DE ALTO PADR\u00c3O &#8211; HIGIEN\u00d3POLIS<\/strong><\/p>\n<p>Reforma de apartamento de alto padr\u00e3o \u2013 400,00 m\u00b2<\/p>\n<p>Rua Piau\u00ed, 900, 4\u00b0 andar \u2013 S\u00e3o Paulo \u2013 SP<\/p>\n<p><strong>\u00a0<\/strong><\/p>\n<p><strong>RESID\u00caNCIA DE ALTO PADR\u00c3O &#8211;\u00a0 ALPHAVILLE 8 <\/strong><\/p>\n<p>Amplia\u00e7\u00e3o e reforma de resid\u00eancia de alto padr\u00e3o com 400,00 m\u00b2 &#8211; Resid\u00eancia constru\u00edda com materiais de demoli\u00e7\u00f5es.<\/p>\n<p>Alameda Itatiaia \u2013 Santana do Parna\u00edba \u2013 SP<\/p>\n<p>&nbsp;<\/p>\n<p><strong>RESID\u00caNCIA DE ALTO PADR\u00c3O\u00a0 &#8211; PRAIA DA BALEIA<\/strong><\/p>\n<p>Conclus\u00e3o de constru\u00e7\u00e3o de resid\u00eancia em condom\u00ednio fechado com 300,00 m\u00b2 &#8211; Aplica\u00e7\u00e3o de revestimentos, Instala\u00e7\u00f5es el\u00e9tricas e hidr\u00e1ulicas, paisagismo e pintura al\u00e9m de constru\u00e7\u00e3o de \u00e1rea de lazer coberta com churrasqueira, forno e fog\u00e3o.<\/p>\n<p>Condom\u00ednio Praia da Baleia, S\u00e3o Sebasti\u00e3o, SP<\/p>\n<p>&nbsp;<\/p>\n<p><strong>APARTAMENTO &#8211; SANTO AMARO<\/strong><\/p>\n<p>Reforma de apartamento com 200,0,0 m\u00b2<\/p>\n<p>Rua S\u00e3o Benedito, 597 &#8211; \u00a0S\u00e3o Paulo \u2013 SP<\/p>\n<p>&nbsp;<\/p>\n<p><strong>RESID\u00caNCIA DE ALTO PADR\u00c3O \u2013 ITAPECERICA DA SERRA<\/strong><\/p>\n<p>Troca de caixilhos de ferro das fachadas por alum\u00ednio com pintura eletrost\u00e1tica. \u00c1rea total de caixilhos envidra\u00e7ados de aproximadamente 180,00 m\u00b2<\/p>\n<p>Itapecerica da Serra \u2013 SP<\/p>\n<p>&nbsp;<\/p>\n<p><strong>APARTAMENTO \u00a0&#8211; ITAIM BIBI<\/strong><\/p>\n<p>Execu\u00e7\u00e3o de impermeabiliza\u00e7\u00e3o da cobertura do apartamento com 200,00 m\u00b2<\/p>\n<p>Rua Virg\u00edlio V\u00e1rzea, 147 \u2013 S\u00e3o Paulo \u2013 SP<\/p>\n<p><strong>\u00a0<\/strong><\/p>\n<h3><strong>1999<\/strong><\/h3>\n<p>&nbsp;<\/p>\n<p><strong>RESID\u00caNCIA DE ALTO PADR\u00c3O\u00a0 <\/strong><strong>&#8211; JARDIM PAULISTA<\/strong><\/p>\n<p>Reforma de resid\u00eancia de alto padr\u00e3o \u2013 500,00 m\u00b2<\/p>\n<p>Rua General Fonseca Teles \u2013 S\u00e3o Paulo \u2013 SP<\/p>\n<p>&nbsp;<\/p>\n<p><strong>APARTAMENTO \u00a0DE ALTO PADR\u00c3O &#8211; <\/strong><strong>JARDIM PAULISTA<\/strong><\/p>\n<p>Reforma de apartamento de alto padr\u00e3o \u2013 400,00 m\u00b2<\/p>\n<p>Rua General Mena Barreto, 743 &#8211;\u00a0 S\u00e3o Paulo \u2013 SP<\/p>\n<p>&nbsp;<\/p>\n<p><strong>RESID\u00caNCIA DE ALTO PADR\u00c3O\u00a0 &#8211; PACAEMBU<\/strong><\/p>\n<p>Reforma de resid\u00eancia de alto padr\u00e3o \u2013 400,00 m\u00b2<\/p>\n<p>Rua Itaperuna \u2013 S\u00e3o Paulo \u2013 SP<\/p>\n<p><strong>\u00a0<\/strong><\/p>\n<h3><strong>1998<\/strong><\/h3>\n<p>&nbsp;<\/p>\n<p><strong>RESID\u00caNCIA DE ALTO PADR\u00c3O\u00a0 <\/strong><strong>\u00a0&#8211; TATUAP\u00c9<\/strong><\/p>\n<p>Reforma completa de sobrado com 140,00 m\u00b2<\/p>\n<p>Rua Diamante Preto\u00a0 &#8211; S\u00e3o Paulo \u2013 SP<\/p>\n<p>&nbsp;<\/p>\n<p><strong>APARTAMENTO \u00a0DE ALTO PADR\u00c3O <\/strong><strong>\u00a0&#8211; VILA MARIANA<\/strong><\/p>\n<p>Reforma de apartamento de alto padr\u00e3o \u2013 140,00 m\u00b2<\/p>\n<p>Rua Fran\u00e7a Pinto \u2013 S\u00e3o Paulo \u2013 SP<\/p>\n<p>&nbsp;<\/p>\n<h3><strong>1997<\/strong><\/h3>\n<p>&nbsp;<\/p>\n<p><strong>RESID\u00caNCIA DE ALTO PADR\u00c3O &#8211; BUTANT\u00c3<\/strong><\/p>\n<p>Reforma geral de resid\u00eancia de alto padr\u00e3o com 500,00 m\u00b2 &#8211; Hidr\u00e1ulica, el\u00e9trica, paisagismo, pintura e marcenaria.<\/p>\n<p>Rua Prof. Guilherme Milward\u00a0 \u2013 S\u00e3o Paulo \u2013 SP<\/p>\n<p>&nbsp;<\/p>\n<p><strong>RESID\u00caNCIA DE ALTO PADR\u00c3O\u00a0 &#8211;\u00a0 ALTO DE PINHEIROS<\/strong><\/p>\n<p>Reforma em resid\u00eancia de alto padr\u00e3o \u2013 470,00 m\u00b2<\/p>\n<p>Rua Alberto de Faria \u2013 S\u00e3o Paulo \u2013 SP<\/p>\n<p>&nbsp;<\/p>\n<p><strong>APARTAMENTO \u00a0DE ALTO PADR\u00c3O \u2013 BROOKLIN NOVO<\/strong><\/p>\n<p>Reforma geral de apartamento d\u00faplex com 350,00 m\u00b2<\/p>\n<p>Rua Luiziania &#8211; S\u00e3o Paulo<\/p>\n<p>&nbsp;<\/p>\n<p><strong>RESID\u00caNCIA DE ALTO PADR\u00c3O \u00a0&#8211; \u00a0ALTO DE PINHEIROS<\/strong><\/p>\n<p>Execu\u00e7\u00e3o de resid\u00eancia de alto padr\u00e3o \u2013 524,00 m\u00b2<\/p>\n<p>Rua Ant\u00f4nio Gouveia Giudice &#8211;\u00a0 S\u00e3o Paulo \u2013 SP<\/p>\n<p><strong>\u00a0<\/strong><\/p>\n<h3><strong>1996<\/strong><\/h3>\n<p>&nbsp;<\/p>\n<p><strong>RESID\u00caNCIA \u00a0EM\u00a0 AVAR\u00c9<\/strong><\/p>\n<p>Projeto e constru\u00e7\u00e3o de resid\u00eancia com 102,00 m\u00b2<\/p>\n<p>Rua Ant\u00f4nio Vicentini\u00a0 \u2013 Jardim Boa Vista &#8211; Avar\u00e9 \u2013 SP<\/p>\n<p><strong>\u00a0<\/strong><\/p>\n<p><strong>APARTAMENTO \u00a0DE ALTO PADR\u00c3O &#8211; HIGIEN\u00d3POLIS<\/strong><\/p>\n<p>Reforma de apartamento de alto padr\u00e3o \u2013 250,00 m\u00b2<\/p>\n<p>Rua\u00a0Pernambuco \u2013 S\u00e3o Paulo \u2013 SP<\/p>\n<p>&nbsp;<\/p>\n<p><strong>RESID\u00caNCIA DE ALTO PADR\u00c3O\u00a0 &#8211; <\/strong><strong>CAMPO BELO<\/strong><\/p>\n<p>Reforma de resid\u00eancia de alto padr\u00e3o \u2013 350,00 m\u00b2<\/p>\n<p>Rua Conde de Porto Alegre \u2013 S\u00e3o Paulo \u2013 SP<\/p>\n<p>&nbsp;<\/p>\n<p><strong>APARTAMENTO \u00a0DE ALTO PADR\u00c3O &#8211; GUARUJ\u00c1<\/strong><\/p>\n<p>Reforma geral inclusive marcenaria de apartamento de alto padr\u00e3o \u2013 250,00 m\u00b2<\/p>\n<p>Condom\u00ednio Tortuga\u00a0 &#8211; Guaruj\u00e1\u00a0 &#8211; SP<\/p>\n<p>&nbsp;<\/p>\n<h3><strong>1995<\/strong><\/h3>\n<p>&nbsp;<\/p>\n<p><strong>APARTAMENTO \u00a0DE ALTO PADR\u00c3O\u00a0 &#8211; SANTA CEC\u00cdLIA<\/strong><\/p>\n<p>Reforma de apartamento de alto padr\u00e3o \u2013 200,00 m\u00b2<\/p>\n<p>Rua Conselheiro Brotero \u2013 S\u00e3o Pulo \u2013 SP<\/p>\n<p>&nbsp;<\/p>\n<p><strong>RESID\u00caNCIA DE ALTO PADR\u00c3O \u2013 JARDIM PAULISTA<\/strong><\/p>\n<p>Reforma de resid\u00eancia de alto padr\u00e3o \u2013 350,00 m\u00b2<\/p>\n<p>Rua Jos\u00e9 Clemente \u2013 S\u00e3o Paulo \u2013 SP<\/p>\n<p><strong>\u00a0<\/strong><\/p>\n<h3><strong>1994<\/strong><\/h3>\n<p>&nbsp;<\/p>\n<p><strong>RESID\u00caNCIA DE ALTO PADR\u00c3O \u2013 JARDIM EUROPA<\/strong><\/p>\n<p>Reforma de resid\u00eancia de alto padr\u00e3o com 750,00 m\u00b2<\/p>\n<p>Rua Atenas \u2013 S\u00e3o Paulo \u2013 SP<\/p>\n<p>&nbsp;<\/p>\n<h3><strong>1993<\/strong><\/h3>\n<p>&nbsp;<\/p>\n<p><strong>RESID\u00caNCIA DE ALTO PADR\u00c3O &#8211; MORUMBI<\/strong><\/p>\n<p>Constru\u00e7\u00e3o de resid\u00eancia de alto padr\u00e3o \u2013 800,00 m\u00b2<\/p>\n<p>Rua Dr. Fausto de Almeida Prado Penteado \u2013 S\u00e3o Paulo &#8211; SP<\/p>\n<p><strong>\u00a0<\/strong><\/p>\n<p><strong>RESID\u00caNCIA DE ALTO PADR\u00c3O &#8211; MOEMA<\/strong><\/p>\n<p>Reforma de resid\u00eancia de alto padr\u00e3o \u2013 200,00 m\u00b2<\/p>\n<p>Rua Bastos Pereira \u2013 S\u00e3o Paulo \u2013 SP<\/p>\n<p>&nbsp;<\/p>\n<p><strong>APARTAMENTO \u00a0DE ALTO PADR\u00c3O &#8211; HIGIEN\u00d3POLIS<\/strong><\/p>\n<p>Reforma de apartamento de alto padr\u00e3o \u2013 200,00 m\u00b2<\/p>\n<p>Av. Higien\u00f3polis, 360 \u2013 S\u00e3o Paulo \u2013 SP<\/p>\n<p>&nbsp;<\/p>\n<h3><strong>1990<\/strong><\/h3>\n<p>&nbsp;<\/p>\n<p><strong>RESID\u00caNCIAS \u00a0DE ALTO PADR\u00c3O EM AVAR\u00c9<\/strong><\/p>\n<p>Projeto e constru\u00e7\u00e3o de duas resid\u00eancias de alto padr\u00e3o com 220,00 m\u00b2 cada<\/p>\n<p>Rua Nicola Cortez \u2013 Jardim Boa Vista &#8211; Avar\u00e9 \u2013 SP<\/p>\n<p><strong>\u00a0<\/strong><\/p>\n<h3><strong>1989<\/strong><\/h3>\n<p>&nbsp;<\/p>\n<p><strong>RESID\u00caNCIA DE ALTO PADR\u00c3O\u00a0 &#8211; M\u00d3OCA<\/strong><\/p>\n<p>Constru\u00e7\u00e3o de sobrado de alto padr\u00e3o \u00a0com 262,00 m\u00b2<\/p>\n<p>Rua Serra da Piedade \u00a0&#8211;\u00a0 M\u00f3oca \u2013 S\u00e3o Paulo \u2013 Capital<\/p>\n<p><strong>\u00a0<\/strong><\/p>\n<h3><strong>1988<\/strong><\/h3>\n<p>&nbsp;<\/p>\n<p><strong>RESID\u00caNCIA \u00a0&#8211; M\u00d3OCA<\/strong><\/p>\n<p>Projeto e constru\u00e7\u00e3o de sobrado com 147,00 m\u00b2<\/p>\n<p>Rua Tagaris \u2013 M\u00f3oca \u2013 S\u00e3o Paulo \u2013 Capital<\/p>\n<p><strong>\u00a0<\/strong><\/p>\n<h3><strong>1986<\/strong><\/h3>\n<p>&nbsp;<\/p>\n<p><strong>RESID\u00caNCIA EM\u00a0 ITIRAPINA<\/strong><\/p>\n<p>Projeto e constru\u00e7\u00e3o de resid\u00eancia com 142,00 m\u00b2<\/p>\n<p>Estrada dos Eucaliptos \u2013 Jd. Ub\u00e1 \u2013 Itirapina \u2013 SP<\/p>\n<p><strong>\u00a0<\/strong><\/p>\n<p><strong>RESID\u00caNCIAS \u00a0EM\u00a0 ITAPEVI<\/strong><\/p>\n<p>Projeto e constru\u00e7\u00e3o de duas resid\u00eancias com 123,00 m\u00b2 cada<\/p>\n<p>Rua Sargento Vieira N\u00f3ia \u2013 Itapevi &#8211; S\u00e3o Paulo \u2013 SP<\/p>\n<p><strong>\u00a0<\/strong><\/p>\n<h3><strong>1984<\/strong><\/h3>\n<p>&nbsp;<\/p>\n<p><strong>RESID\u00caNCIAS \u00a0EM\u00a0 ITAPEVI<\/strong><\/p>\n<p>Projeto e constru\u00e7\u00e3o de duas resid\u00eancias com 123,00 m\u00b2 cada<\/p>\n<p>Av. Nove\u00a0 de Julho \u2013 Itapevi &#8211; S\u00e3o Paulo \u2013 SP<\/p>\n<p><strong>\u00a0<\/strong><\/p>\n<h3><strong>1983<\/strong><\/h3>\n<p>&nbsp;<\/p>\n<p><strong>RESID\u00caNCIA \u00a0&#8211; TATUAP\u00c9<\/strong><\/p>\n<p>Projeto e constru\u00e7\u00e3o de sobrado com 127,00 m\u00b2<\/p>\n<p>Rua Igrapiuna \u2013 Tatuap\u00e9 \u2013 S\u00e3o Paulo \u2013 Capital<\/p>\n<p>&nbsp;<\/p>\n","protected":false},"excerpt":{"rendered":"<p>OBRAS RESIDENCIAIS &nbsp; 2020 \u00a0 SOBRADO NO JARDIM DA GL\u00d3RIA Projeto e execu\u00e7\u00e3o de reforma geral. Cel. Diogo, 945 &#8211; Jardim da Gloria &#8211; S\u00e3o Paulo \u2013 SP &nbsp; APARTAMENTO DE ALTO PADR\u00c3O \u2013 SANTA CEC\u00cdLIA \u2013 II ETAPA Elimina\u00e7\u00e3o de vazamentos e reforma de floreiras. Rua Dr. Veiga Filho, 815 \u2013 Apto. 91 \u2013 [&hellip;]<\/p>\n","protected":false},"author":4,"featured_media":0,"parent":0,"menu_order":0,"comment_status":"closed","ping_status":"closed","template":"","meta":{"footnotes":""},"class_list":["post-28","page","type-page","status-publish","hentry"],"_links":{"self":[{"href":"https:\/\/www.sergionistico.eng.br\/index.php?rest_route=\/wp\/v2\/pages\/28"}],"collection":[{"href":"https:\/\/www.sergionistico.eng.br\/index.php?rest_route=\/wp\/v2\/pages"}],"about":[{"href":"https:\/\/www.sergionistico.eng.br\/index.php?rest_route=\/wp\/v2\/types\/page"}],"author":[{"embeddable":true,"href":"https:\/\/www.sergionistico.eng.br\/index.php?rest_route=\/wp\/v2\/users\/4"}],"replies":[{"embeddable":true,"href":"https:\/\/www.sergionistico.eng.br\/index.php?rest_route=%2Fwp%2Fv2%2Fcomments&post=28"}],"version-history":[{"count":8,"href":"https:\/\/www.sergionistico.eng.br\/index.php?rest_route=\/wp\/v2\/pages\/28\/revisions"}],"predecessor-version":[{"id":141,"href":"https:\/\/www.sergionistico.eng.br\/index.php?rest_route=\/wp\/v2\/pages\/28\/revisions\/141"}],"wp:attachment":[{"href":"https:\/\/www.sergionistico.eng.br\/index.php?rest_route=%2Fwp%2Fv2%2Fmedia&parent=28"}],"curies":[{"name":"wp","href":"https:\/\/api.w.org\/{rel}","templated":true}]}}